{"id":2,"date":"2009-02-21T22:38:36","date_gmt":"2009-02-21T21:38:36","guid":{"rendered":"http:\/\/lantb.net\/uebersicht\/?page_id=2"},"modified":"2009-04-09T22:15:32","modified_gmt":"2009-04-09T22:15:32","slug":"a-propos","status":"publish","type":"page","link":"https:\/\/lantb.net\/uebersicht\/?page_id=2","title":{"rendered":"\u00dcbersicht"},"content":{"rendered":"<p>Autour d&rsquo;une notion emprunt\u00e9e \u00e0 Wittgenstein<\/p>\n<blockquote><p>\u00abL\u2019une des principales sources de notre malentendu est que nous n\u2019embrassons pas dans son ensemble l\u2019usage de nos mots. Notre grammaire manque de caract\u00e8re global. La repr\u00e9sentation globale favorise la compr\u00e9hension qui consiste \u00e0 nous faire \u201cvoir des connexions\u201d. D\u2019o\u00f9 l\u2019importance de la d\u00e9couverte et de l\u2019invention de \u201csignes interm\u00e9diaires\u201d. Le concept de repr\u00e9sentation synoptique (\u00fcbersichtliche Darstellung) est pour nous d\u2019une signification fondamentale. Il d\u00e9signe notre forme de repr\u00e9sentation, la mani\u00e8re dont nous voyons les choses. (Est-ce que ceci est une vision du monde (Weltanschauung)?\u00bb<br \/>\nLudwig Wittgenstein, <em>Investigations philosophiques<\/em>, \u00a7 122, Tel, Gallimard, Paris<\/p><\/blockquote>\n<blockquote><p><object width=\"425\" height=\"344\" data=\"http:\/\/www.youtube.com\/v\/r0cN_bpLrxk&amp;hl=fr&amp;fs=1\" type=\"application\/x-shockwave-flash\"><param name=\"allowFullScreen\" value=\"true\" \/><param name=\"allowscriptaccess\" value=\"always\" \/><param name=\"src\" value=\"http:\/\/www.youtube.com\/v\/r0cN_bpLrxk&amp;hl=fr&amp;fs=1\" \/><param name=\"allowfullscreen\" value=\"true\" \/><\/object><\/p><\/blockquote>\n","protected":false},"excerpt":{"rendered":"<p>Autour d&rsquo;une notion emprunt\u00e9e \u00e0 Wittgenstein \u00abL\u2019une des principales sources de notre malentendu est que nous n\u2019embrassons pas dans son ensemble l\u2019usage de nos mots. Notre grammaire manque de caract\u00e8re global. La repr\u00e9sentation globale favorise la compr\u00e9hension qui consiste \u00e0 nous faire \u201cvoir des connexions\u201d. D\u2019o\u00f9 l\u2019importance de la d\u00e9couverte et de l\u2019invention de \u201csignes &hellip; <a href=\"https:\/\/lantb.net\/uebersicht\/?page_id=2\" class=\"more-link\">Continuer la lecture de <span class=\"screen-reader-text\">\u00dcbersicht<\/span><\/a><\/p>\n","protected":false},"author":2,"featured_media":0,"parent":0,"menu_order":0,"comment_status":"open","ping_status":"open","template":"","meta":{"footnotes":""},"class_list":["post-2","page","type-page","status-publish","hentry"],"_links":{"self":[{"href":"https:\/\/lantb.net\/uebersicht\/index.php?rest_route=\/wp\/v2\/pages\/2","targetHints":{"allow":["GET"]}}],"collection":[{"href":"https:\/\/lantb.net\/uebersicht\/index.php?rest_route=\/wp\/v2\/pages"}],"about":[{"href":"https:\/\/lantb.net\/uebersicht\/index.php?rest_route=\/wp\/v2\/types\/page"}],"author":[{"embeddable":true,"href":"https:\/\/lantb.net\/uebersicht\/index.php?rest_route=\/wp\/v2\/users\/2"}],"replies":[{"embeddable":true,"href":"https:\/\/lantb.net\/uebersicht\/index.php?rest_route=%2Fwp%2Fv2%2Fcomments&post=2"}],"version-history":[{"count":0,"href":"https:\/\/lantb.net\/uebersicht\/index.php?rest_route=\/wp\/v2\/pages\/2\/revisions"}],"wp:attachment":[{"href":"https:\/\/lantb.net\/uebersicht\/index.php?rest_route=%2Fwp%2Fv2%2Fmedia&parent=2"}],"curies":[{"name":"wp","href":"https:\/\/api.w.org\/{rel}","templated":true}]}}