{"id":5977,"date":"2019-12-27T12:56:00","date_gmt":"2019-12-27T11:56:00","guid":{"rendered":"http:\/\/lantb.net\/figure\/?page_id=5977"},"modified":"2019-12-27T13:00:32","modified_gmt":"2019-12-27T12:00:32","slug":"ouverture-artistique-du-gps-2006","status":"publish","type":"page","link":"http:\/\/lantb.net\/figure\/?page_id=5977","title":{"rendered":"Ouverture artistique du GPS, 2006"},"content":{"rendered":"<p><a href=\"http:\/\/lantb.net\/figure\/wp-pdf\/GPSHistory.pdf\"><img loading=\"lazy\" decoding=\"async\" class=\"alignnone wp-image-5978 size-full\" src=\"http:\/\/lantb.net\/figure\/wp-content\/uploads\/2019\/12\/gps-history.jpg\" alt=\"\" width=\"640\" height=\"486\" srcset=\"http:\/\/lantb.net\/figure\/wp-content\/uploads\/2019\/12\/gps-history.jpg 640w, http:\/\/lantb.net\/figure\/wp-content\/uploads\/2019\/12\/gps-history-300x228.jpg 300w, http:\/\/lantb.net\/figure\/wp-content\/uploads\/2019\/12\/gps-history-150x114.jpg 150w\" sizes=\"auto, (max-width: 640px) 100vw, 640px\" \/><\/a><br \/>\n<a href=\"http:\/\/lantb.net\/figure\/wp-pdf\/GPSHistory.pdf\"><img loading=\"lazy\" decoding=\"async\" class=\"alignnone wp-image-3219\" src=\"http:\/\/lantb.net\/figure\/wp-content\/uploads\/2017\/03\/pdf-1.jpg\" alt=\"\" width=\"48\" height=\"48\" \/><\/a> Ouverture historique du GPS&nbsp;: r\u00e9f\u00e9rences historiques et esth\u00e9tiques<\/p>\n","protected":false},"excerpt":{"rendered":"<p>Ouverture historique du GPS&nbsp;: r\u00e9f\u00e9rences historiques et esth\u00e9tiques<\/p>\n","protected":false},"author":1,"featured_media":0,"parent":0,"menu_order":0,"comment_status":"closed","ping_status":"closed","template":"","meta":{"footnotes":""},"class_list":["post-5977","page","type-page","status-publish","hentry"],"_links":{"self":[{"href":"http:\/\/lantb.net\/figure\/index.php?rest_route=\/wp\/v2\/pages\/5977","targetHints":{"allow":["GET"]}}],"collection":[{"href":"http:\/\/lantb.net\/figure\/index.php?rest_route=\/wp\/v2\/pages"}],"about":[{"href":"http:\/\/lantb.net\/figure\/index.php?rest_route=\/wp\/v2\/types\/page"}],"author":[{"embeddable":true,"href":"http:\/\/lantb.net\/figure\/index.php?rest_route=\/wp\/v2\/users\/1"}],"replies":[{"embeddable":true,"href":"http:\/\/lantb.net\/figure\/index.php?rest_route=%2Fwp%2Fv2%2Fcomments&post=5977"}],"version-history":[{"count":4,"href":"http:\/\/lantb.net\/figure\/index.php?rest_route=\/wp\/v2\/pages\/5977\/revisions"}],"predecessor-version":[{"id":5982,"href":"http:\/\/lantb.net\/figure\/index.php?rest_route=\/wp\/v2\/pages\/5977\/revisions\/5982"}],"wp:attachment":[{"href":"http:\/\/lantb.net\/figure\/index.php?rest_route=%2Fwp%2Fv2%2Fmedia&parent=5977"}],"curies":[{"name":"wp","href":"https:\/\/api.w.org\/{rel}","templated":true}]}}