{"id":5347,"date":"2019-01-30T23:29:59","date_gmt":"2019-01-30T22:29:59","guid":{"rendered":"http:\/\/lantb.net\/figure\/?page_id=5347"},"modified":"2025-02-27T08:33:40","modified_gmt":"2025-02-27T07:33:40","slug":"gps-movies-1-et-2","status":"publish","type":"page","link":"http:\/\/lantb.net\/figure\/?page_id=5347","title":{"rendered":"Les promenades GPS-movies 1-2, 2004 et 2005"},"content":{"rendered":"<p><span style=\"font-size: 12.16px;\">\u00ab Je reste en plein air \u00e0 cause de l\u2019animal, du min\u00e9ral, du v\u00e9g\u00e9tal qui sont en moi. \u00bb \u00a0Henry David Thoreau, Journal.<\/span><\/p>\n<p><strong style=\"font-size: 12.16px;\"><br \/>\n16 octobre 2004 \u00e0 l\u2019acad\u00e9mie fratellini Jouable \/ Workshop&nbsp;: GPS movies_1, Saint-Denis 2004<br \/>\n<\/strong><strong style=\"font-size: 12.16px;\">Document source&nbsp;: <a href=\"https:\/\/artsplastiques.univ-paris8.fr\/arplafr\/www.ciren.org\/ciren\/laboratoires\/gps_movies\/index2.html\">https:\/\/artsplastiques.univ-paris8.fr\/arplafr\/www.ciren.org\/ciren\/laboratoires\/gps_movies\/index2.html<\/a><\/strong><\/p>\n<p>Participants au workshop<\/p>\n<p><a href=\"http:\/\/lantb.net\/figure\/wp-content\/uploads\/2019\/01\/stagiaires.jpg\"><img loading=\"lazy\" decoding=\"async\" class=\"alignnone wp-image-5356 size-full\" src=\"http:\/\/lantb.net\/figure\/wp-content\/uploads\/2019\/01\/stagiaires.jpg\" alt=\"\" width=\"240\" height=\"180\" srcset=\"http:\/\/lantb.net\/figure\/wp-content\/uploads\/2019\/01\/stagiaires.jpg 240w, http:\/\/lantb.net\/figure\/wp-content\/uploads\/2019\/01\/stagiaires-150x113.jpg 150w\" sizes=\"auto, (max-width: 240px) 100vw, 240px\" \/><\/a><br \/>\nJean, Marie, L\u00e9a, Julie \u00e0 l&rsquo;acad\u00e9mie fratellini&nbsp;: \u00e9tudiants en arts plastiques de l&rsquo;Universit\u00e9 Paris 8. Autres participants&nbsp;: \u00e9tudiants de l\u2019Atelier de recherches interactives de l\u2019\u00c9cole nationale sup\u00e9rieure des arts d\u00e9coratifs (Ensad-Paris 8) et personnes ext\u00e9rieures (jeunes architectes).<\/p>\n<p><span style=\"color: #ffffff;\">\u2022<\/span><br \/>\nTechnique de r\u00e9alisation<\/p>\n<p><img loading=\"lazy\" decoding=\"async\" class=\"alignnone wp-image-5358 size-full\" src=\"http:\/\/lantb.net\/figure\/wp-content\/uploads\/2019\/01\/baby-gps480.jpg\" alt=\"\" width=\"537\" height=\"380\" srcset=\"http:\/\/lantb.net\/figure\/wp-content\/uploads\/2019\/01\/baby-gps480.jpg 537w, http:\/\/lantb.net\/figure\/wp-content\/uploads\/2019\/01\/baby-gps480-300x212.jpg 300w, http:\/\/lantb.net\/figure\/wp-content\/uploads\/2019\/01\/baby-gps480-150x106.jpg 150w\" sizes=\"auto, (max-width: 537px) 100vw, 537px\" \/><\/p>\n<p>Porte-b\u00e9b\u00e9 bricol\u00e9, ordinateur portable Macintosh G4, r\u00e9cepteur GPS Garmin Geko 201, webcam Apple iSight, logiciels Director (langage Lingo), TrackThemColors et DirectCommunication (Xtras).<\/p>\n<p><span style=\"color: #ffffff;\">\u2022<\/span><br \/>\nVid\u00e9os en dyptique<\/p>\n<p>Montage parall\u00e8le des donn\u00e9es vid\u00e9o et des donn\u00e9es spatio-temporelles d&rsquo;un m\u00eame lieu au m\u00eame moment, ces derni\u00e8res d\u00e9tectables sur la carte dynamique en 3D de chaque promenade. Les donn\u00e9es vid\u00e9o sont enregistr\u00e9es par l&rsquo;ordinateur au m\u00eame titre que les donn\u00e9es spatio-temporelles par le GPS.<\/p>\n<p><iframe loading=\"lazy\" src=\"https:\/\/player.vimeo.com\/video\/472020\" width=\"640\" height=\"254\" frameborder=\"0\" allowfullscreen=\"allowfullscreen\"><\/iframe><br \/>\n<a href=\"https:\/\/vimeo.com\/472020\">GPS Movies [Saint-Denis 2004]<\/a> from <a href=\"https:\/\/vimeo.com\/dscz\">Dscz<\/a> on <a href=\"https:\/\/vimeo.com\">Vimeo<\/a>.<br \/>\nExtrait&nbsp;: Le march\u00e9 de Saint-Denis 12 octobre 2004<\/p>\n<p><iframe loading=\"lazy\" src=\"https:\/\/player.vimeo.com\/video\/471994\" width=\"640\" height=\"483\" frameborder=\"0\" allowfullscreen=\"allowfullscreen\"><\/iframe><br \/>\n<a href=\"https:\/\/vimeo.com\/471994\">GPS Movies [Saint-Denis 2004]<\/a> from <a href=\"https:\/\/vimeo.com\/dscz\">Dscz<\/a> on <a href=\"https:\/\/vimeo.com\">Vimeo<\/a>.<br \/>\nDispositif d&rsquo;enregistrement simultan\u00e9 vid\u00e9o\/GPS<\/p>\n<p><span style=\"color: #ffffff;\">\u2022<\/span><br \/>\nCarte des 12 promenades<\/p>\n<p><img loading=\"lazy\" decoding=\"async\" class=\"alignnone wp-image-5377\" src=\"http:\/\/lantb.net\/figure\/wp-content\/uploads\/2019\/01\/gps2004_map.jpg\" alt=\"\" width=\"640\" height=\"1766\" srcset=\"http:\/\/lantb.net\/figure\/wp-content\/uploads\/2019\/01\/gps2004_map.jpg 800w, http:\/\/lantb.net\/figure\/wp-content\/uploads\/2019\/01\/gps2004_map-109x300.jpg 109w, http:\/\/lantb.net\/figure\/wp-content\/uploads\/2019\/01\/gps2004_map-768x2119.jpg 768w, http:\/\/lantb.net\/figure\/wp-content\/uploads\/2019\/01\/gps2004_map-232x640.jpg 232w, http:\/\/lantb.net\/figure\/wp-content\/uploads\/2019\/01\/gps2004_map-54x150.jpg 54w\" sizes=\"auto, (max-width: 640px) 100vw, 640px\" \/><\/p>\n<p><span style=\"color: #ffffff;\">\u2022<\/span><br \/>\nPhotogrammes<\/p>\n<p><img loading=\"lazy\" decoding=\"async\" class=\"alignnone wp-image-5372\" src=\"http:\/\/lantb.net\/figure\/wp-content\/uploads\/2019\/01\/01.jpg\" alt=\"\" width=\"640\" height=\"238\" srcset=\"http:\/\/lantb.net\/figure\/wp-content\/uploads\/2019\/01\/01.jpg 600w, http:\/\/lantb.net\/figure\/wp-content\/uploads\/2019\/01\/01-300x112.jpg 300w, http:\/\/lantb.net\/figure\/wp-content\/uploads\/2019\/01\/01-150x56.jpg 150w\" sizes=\"auto, (max-width: 640px) 100vw, 640px\" \/><br \/>\nPromenade, rue du Landy<\/p>\n<p><img loading=\"lazy\" decoding=\"async\" class=\"alignnone wp-image-5373\" src=\"http:\/\/lantb.net\/figure\/wp-content\/uploads\/2019\/01\/02.jpg\" alt=\"\" width=\"640\" height=\"238\" srcset=\"http:\/\/lantb.net\/figure\/wp-content\/uploads\/2019\/01\/02.jpg 600w, http:\/\/lantb.net\/figure\/wp-content\/uploads\/2019\/01\/02-300x112.jpg 300w, http:\/\/lantb.net\/figure\/wp-content\/uploads\/2019\/01\/02-150x56.jpg 150w\" sizes=\"auto, (max-width: 640px) 100vw, 640px\" \/><br \/>\nPromenade sous l&rsquo;autoroute A1<br \/>\n<img loading=\"lazy\" decoding=\"async\" class=\"alignnone wp-image-5374\" src=\"http:\/\/lantb.net\/figure\/wp-content\/uploads\/2019\/01\/flluxus01.jpg\" alt=\"\" width=\"640\" height=\"238\" srcset=\"http:\/\/lantb.net\/figure\/wp-content\/uploads\/2019\/01\/flluxus01.jpg 600w, http:\/\/lantb.net\/figure\/wp-content\/uploads\/2019\/01\/flluxus01-300x112.jpg 300w, http:\/\/lantb.net\/figure\/wp-content\/uploads\/2019\/01\/flluxus01-150x56.jpg 150w\" sizes=\"auto, (max-width: 640px) 100vw, 640px\" \/><br \/>\nPerformance Fluxus avec Ben Patterson, couloirs de l&rsquo;Universit\u00e9 Paris 8<\/p>\n<p><span style=\"color: #ffffff;\">\u2022<\/span><br \/>\n<span style=\"color: #ffffff;\">\u2022<\/span><\/p>\n<p><strong>25 juin 2005, Plaine Saint-Denis Rejouable \/ Workshop&nbsp;: GPS movies_2 Saint-Denis, 2005<br \/>\nDocument source&nbsp;:\u00a0<\/strong><a href=\"http:\/\/www.ciren.org\/ciren\/laboratoires\/gps_movies\/index2.html\">http:\/\/www.ciren.org\/ciren\/laboratoires\/gps_movies\/index2.html<\/a><\/p>\n<p><strong><span style=\"color: #ffffff;\">\u2022<\/span><br \/>\n<a href=\"http:\/\/lantb.net\/figure\/wp-content\/uploads\/2019\/01\/gps2005_map.jpg\"><img loading=\"lazy\" decoding=\"async\" class=\"alignnone wp-image-5387\" src=\"http:\/\/lantb.net\/figure\/wp-content\/uploads\/2019\/01\/gps2005_map.jpg\" alt=\"\" width=\"640\" height=\"480\" srcset=\"http:\/\/lantb.net\/figure\/wp-content\/uploads\/2019\/01\/gps2005_map.jpg 1024w, http:\/\/lantb.net\/figure\/wp-content\/uploads\/2019\/01\/gps2005_map-300x225.jpg 300w, http:\/\/lantb.net\/figure\/wp-content\/uploads\/2019\/01\/gps2005_map-768x576.jpg 768w, http:\/\/lantb.net\/figure\/wp-content\/uploads\/2019\/01\/gps2005_map-640x480.jpg 640w, http:\/\/lantb.net\/figure\/wp-content\/uploads\/2019\/01\/gps2005_map-150x113.jpg 150w\" sizes=\"auto, (max-width: 640px) 100vw, 640px\" \/><\/a><br \/>\n<a href=\"http:\/\/lantb.net\/figure\/wp-content\/uploads\/2019\/01\/Schema01.gif\"><img loading=\"lazy\" decoding=\"async\" class=\"alignnone wp-image-5393\" src=\"http:\/\/lantb.net\/figure\/wp-content\/uploads\/2019\/01\/Schema01-300x225.gif\" alt=\"\" width=\"640\" height=\"480\" srcset=\"http:\/\/lantb.net\/figure\/wp-content\/uploads\/2019\/01\/Schema01-300x225.gif 300w, http:\/\/lantb.net\/figure\/wp-content\/uploads\/2019\/01\/Schema01-768x576.gif 768w, http:\/\/lantb.net\/figure\/wp-content\/uploads\/2019\/01\/Schema01-640x480.gif 640w, http:\/\/lantb.net\/figure\/wp-content\/uploads\/2019\/01\/Schema01-150x113.gif 150w\" sizes=\"auto, (max-width: 640px) 100vw, 640px\" \/><\/a><br \/>\n<a href=\"http:\/\/lantb.net\/figure\/wp-content\/uploads\/2019\/01\/Schema02.gif\"><img loading=\"lazy\" decoding=\"async\" class=\"alignnone wp-image-5392\" src=\"http:\/\/lantb.net\/figure\/wp-content\/uploads\/2019\/01\/Schema02-300x225.gif\" alt=\"\" width=\"640\" height=\"480\" srcset=\"http:\/\/lantb.net\/figure\/wp-content\/uploads\/2019\/01\/Schema02-300x225.gif 300w, http:\/\/lantb.net\/figure\/wp-content\/uploads\/2019\/01\/Schema02-768x576.gif 768w, http:\/\/lantb.net\/figure\/wp-content\/uploads\/2019\/01\/Schema02-640x480.gif 640w, http:\/\/lantb.net\/figure\/wp-content\/uploads\/2019\/01\/Schema02-150x113.gif 150w\" sizes=\"auto, (max-width: 640px) 100vw, 640px\" \/><\/a><br \/>\n<a href=\"http:\/\/lantb.net\/figure\/wp-content\/uploads\/2019\/01\/Schema03.gif\"><img loading=\"lazy\" decoding=\"async\" class=\"alignnone wp-image-5391\" src=\"http:\/\/lantb.net\/figure\/wp-content\/uploads\/2019\/01\/Schema03-300x225.gif\" alt=\"\" width=\"640\" height=\"480\" srcset=\"http:\/\/lantb.net\/figure\/wp-content\/uploads\/2019\/01\/Schema03-300x225.gif 300w, http:\/\/lantb.net\/figure\/wp-content\/uploads\/2019\/01\/Schema03-768x576.gif 768w, http:\/\/lantb.net\/figure\/wp-content\/uploads\/2019\/01\/Schema03-640x480.gif 640w, http:\/\/lantb.net\/figure\/wp-content\/uploads\/2019\/01\/Schema03-150x113.gif 150w\" sizes=\"auto, (max-width: 640px) 100vw, 640px\" \/><\/a><br \/>\n<a href=\"http:\/\/lantb.net\/figure\/wp-content\/uploads\/2019\/01\/Schema04.gif\"><img loading=\"lazy\" decoding=\"async\" class=\"alignnone wp-image-5390\" src=\"http:\/\/lantb.net\/figure\/wp-content\/uploads\/2019\/01\/Schema04-300x225.gif\" alt=\"\" width=\"640\" height=\"480\" srcset=\"http:\/\/lantb.net\/figure\/wp-content\/uploads\/2019\/01\/Schema04-300x225.gif 300w, http:\/\/lantb.net\/figure\/wp-content\/uploads\/2019\/01\/Schema04-768x576.gif 768w, http:\/\/lantb.net\/figure\/wp-content\/uploads\/2019\/01\/Schema04-640x480.gif 640w, http:\/\/lantb.net\/figure\/wp-content\/uploads\/2019\/01\/Schema04-150x113.gif 150w\" sizes=\"auto, (max-width: 640px) 100vw, 640px\" \/><\/a><br \/>\n<a href=\"http:\/\/lantb.net\/figure\/wp-content\/uploads\/2019\/01\/Schema05.gif\"><img loading=\"lazy\" decoding=\"async\" class=\"alignnone wp-image-5389\" src=\"http:\/\/lantb.net\/figure\/wp-content\/uploads\/2019\/01\/Schema05-300x225.gif\" alt=\"\" width=\"640\" height=\"480\" srcset=\"http:\/\/lantb.net\/figure\/wp-content\/uploads\/2019\/01\/Schema05-300x225.gif 300w, http:\/\/lantb.net\/figure\/wp-content\/uploads\/2019\/01\/Schema05-768x576.gif 768w, http:\/\/lantb.net\/figure\/wp-content\/uploads\/2019\/01\/Schema05-640x480.gif 640w, http:\/\/lantb.net\/figure\/wp-content\/uploads\/2019\/01\/Schema05-150x113.gif 150w\" sizes=\"auto, (max-width: 640px) 100vw, 640px\" \/><\/a><br \/>\n<a href=\"http:\/\/lantb.net\/figure\/wp-content\/uploads\/2019\/01\/Schema06.gif\"><img loading=\"lazy\" decoding=\"async\" class=\"alignnone wp-image-5388\" src=\"http:\/\/lantb.net\/figure\/wp-content\/uploads\/2019\/01\/Schema06-300x225.gif\" alt=\"\" width=\"640\" height=\"480\" srcset=\"http:\/\/lantb.net\/figure\/wp-content\/uploads\/2019\/01\/Schema06-300x225.gif 300w, http:\/\/lantb.net\/figure\/wp-content\/uploads\/2019\/01\/Schema06-768x576.gif 768w, http:\/\/lantb.net\/figure\/wp-content\/uploads\/2019\/01\/Schema06-640x480.gif 640w, http:\/\/lantb.net\/figure\/wp-content\/uploads\/2019\/01\/Schema06-150x113.gif 150w\" sizes=\"auto, (max-width: 640px) 100vw, 640px\" \/><\/a><br \/>\n<\/strong>Carte de la promenade, et sch\u00e9mas de la double prise de vid\u00e9o contr\u00f4l\u00e9e par les donn\u00e9es GPS \u00a9Daniel Sciboz<\/p>\n<p><iframe loading=\"lazy\" src=\"https:\/\/player.vimeo.com\/video\/471893\" width=\"640\" height=\"427\" frameborder=\"0\" allowfullscreen=\"allowfullscreen\"><\/iframe><br \/>\n<a href=\"https:\/\/vimeo.com\/471893\">GPS Movies [Saint-Denis 2005]<\/a> from <a href=\"https:\/\/vimeo.com\/dscz\">Dscz<\/a> on <a href=\"https:\/\/vimeo.com\">Vimeo<\/a>.<br \/>\nExtrait de la projection vid\u00e9o\/3D constitu\u00e9e d\u2019une s\u00e9rie de s\u00e9quences tourn\u00e9es automatiquement \u00e0 partir de coordonn\u00e9es GPS et d\u2019une visualisation de ces donn\u00e9es dans l\u2019espace. Saint-Ouen\/Aubervilliers, 25 juin 2005.<\/p>\n<p>Photos souvenirs<\/p>\n<p><img loading=\"lazy\" decoding=\"async\" class=\"alignnone wp-image-5400\" src=\"http:\/\/lantb.net\/figure\/wp-content\/uploads\/2019\/01\/GPS_MOVIES_22.jpg\" alt=\"\" width=\"640\" height=\"480\" srcset=\"http:\/\/lantb.net\/figure\/wp-content\/uploads\/2019\/01\/GPS_MOVIES_22.jpg 600w, http:\/\/lantb.net\/figure\/wp-content\/uploads\/2019\/01\/GPS_MOVIES_22-300x225.jpg 300w, http:\/\/lantb.net\/figure\/wp-content\/uploads\/2019\/01\/GPS_MOVIES_22-150x113.jpg 150w\" sizes=\"auto, (max-width: 640px) 100vw, 640px\" \/><br \/>\n<img loading=\"lazy\" decoding=\"async\" class=\"alignnone wp-image-5401\" src=\"http:\/\/lantb.net\/figure\/wp-content\/uploads\/2019\/01\/GPS_MOVIES_21.jpg\" alt=\"\" width=\"640\" height=\"480\" srcset=\"http:\/\/lantb.net\/figure\/wp-content\/uploads\/2019\/01\/GPS_MOVIES_21.jpg 600w, http:\/\/lantb.net\/figure\/wp-content\/uploads\/2019\/01\/GPS_MOVIES_21-300x225.jpg 300w, http:\/\/lantb.net\/figure\/wp-content\/uploads\/2019\/01\/GPS_MOVIES_21-150x113.jpg 150w\" sizes=\"auto, (max-width: 640px) 100vw, 640px\" \/><br \/>\nYvar Wu et Lo\u00efc Horellou<\/p>\n<p><img loading=\"lazy\" decoding=\"async\" class=\"alignnone wp-image-5402\" src=\"http:\/\/lantb.net\/figure\/wp-content\/uploads\/2019\/01\/HTetDS.jpg\" alt=\"\" width=\"640\" height=\"480\" srcset=\"http:\/\/lantb.net\/figure\/wp-content\/uploads\/2019\/01\/HTetDS.jpg 600w, http:\/\/lantb.net\/figure\/wp-content\/uploads\/2019\/01\/HTetDS-300x225.jpg 300w, http:\/\/lantb.net\/figure\/wp-content\/uploads\/2019\/01\/HTetDS-150x113.jpg 150w\" sizes=\"auto, (max-width: 640px) 100vw, 640px\" \/><br \/>\nHajime Takeuchi et Daniel Sciboz<\/p>\n<p><strong><br \/>\nDocument additionnel&nbsp;:<\/strong><br \/>\n<span class=\"Style90\"><a href=\"http:\/\/www.ciren.org\/ciren\/laboratoires\/Paysage_Technologique\/art\/sciboz\/index.html\"><em>GPS Movies<\/em> (Daniel Sciboz, Liliane Terrier et Jean-Louis Boissier): Entretien avec Andrea Urlberger<\/a><\/span><\/p>\n","protected":false},"excerpt":{"rendered":"<p>\u00ab Je reste en plein air \u00e0 cause de l\u2019animal, du min\u00e9ral, du v\u00e9g\u00e9tal qui sont en moi. \u00bb \u00a0Henry David Thoreau, Journal. 16 octobre 2004 \u00e0 l\u2019acad\u00e9mie fratellini Jouable \/ Workshop&nbsp;: GPS movies_1, Saint-Denis 2004 Document source&nbsp;: https:\/\/artsplastiques.univ-paris8.fr\/arplafr\/www.ciren.org\/ciren\/laboratoires\/gps_movies\/index2.html Participants au workshop Jean, Marie, L\u00e9a, Julie \u00e0 l&rsquo;acad\u00e9mie fratellini&nbsp;: \u00e9tudiants en arts plastiques de l&rsquo;Universit\u00e9 &hellip; <a href=\"http:\/\/lantb.net\/figure\/?page_id=5347\" class=\"more-link\">Continuer la lecture de <span class=\"screen-reader-text\">Les promenades GPS-movies 1-2, 2004 et 2005<\/span><\/a><\/p>\n","protected":false},"author":1,"featured_media":0,"parent":0,"menu_order":0,"comment_status":"closed","ping_status":"closed","template":"","meta":{"footnotes":""},"class_list":["post-5347","page","type-page","status-publish","hentry"],"_links":{"self":[{"href":"http:\/\/lantb.net\/figure\/index.php?rest_route=\/wp\/v2\/pages\/5347","targetHints":{"allow":["GET"]}}],"collection":[{"href":"http:\/\/lantb.net\/figure\/index.php?rest_route=\/wp\/v2\/pages"}],"about":[{"href":"http:\/\/lantb.net\/figure\/index.php?rest_route=\/wp\/v2\/types\/page"}],"author":[{"embeddable":true,"href":"http:\/\/lantb.net\/figure\/index.php?rest_route=\/wp\/v2\/users\/1"}],"replies":[{"embeddable":true,"href":"http:\/\/lantb.net\/figure\/index.php?rest_route=%2Fwp%2Fv2%2Fcomments&post=5347"}],"version-history":[{"count":50,"href":"http:\/\/lantb.net\/figure\/index.php?rest_route=\/wp\/v2\/pages\/5347\/revisions"}],"predecessor-version":[{"id":7901,"href":"http:\/\/lantb.net\/figure\/index.php?rest_route=\/wp\/v2\/pages\/5347\/revisions\/7901"}],"wp:attachment":[{"href":"http:\/\/lantb.net\/figure\/index.php?rest_route=%2Fwp%2Fv2%2Fmedia&parent=5347"}],"curies":[{"name":"wp","href":"https:\/\/api.w.org\/{rel}","templated":true}]}}