{"id":1283,"date":"2016-07-14T17:05:50","date_gmt":"2016-07-14T16:05:50","guid":{"rendered":"http:\/\/lantb.net\/figure\/?page_id=1283"},"modified":"2026-03-20T00:05:55","modified_gmt":"2026-03-19T23:05:55","slug":"liliane-terrier","status":"publish","type":"page","link":"http:\/\/lantb.net\/figure\/?page_id=1283","title":{"rendered":"Contact"},"content":{"rendered":"<h1>\u00a0<img loading=\"lazy\" decoding=\"async\" class=\"alignnone wp-image-4652\" src=\"http:\/\/lantb.net\/figure\/wp-content\/uploads\/2018\/02\/terrier_mail.png\" alt=\"\" width=\"176\" height=\"20\" srcset=\"http:\/\/lantb.net\/figure\/wp-content\/uploads\/2018\/02\/terrier_mail.png 436w, http:\/\/lantb.net\/figure\/wp-content\/uploads\/2018\/02\/terrier_mail-300x36.png 300w, http:\/\/lantb.net\/figure\/wp-content\/uploads\/2018\/02\/terrier_mail-150x18.png 150w\" sizes=\"auto, (max-width: 176px) 100vw, 176px\" \/><\/h1>\n<h1><\/h1>\n<h1>Liliane Terrier,\u00a0bio-bibliographie<\/h1>\n<p><a href=\"http:\/\/lantb.net\/figure\/wp-content\/uploads\/2016\/07\/image.jpeg\"><img loading=\"lazy\" decoding=\"async\" class=\"alignnone wp-image-1338\" src=\"http:\/\/lantb.net\/figure\/wp-content\/uploads\/2016\/07\/image.jpeg\" alt=\"image\" width=\"640\" height=\"480\" \/><\/a><br \/>\n\u00c9t\u00e9 2002, \u00e0 Urbino<\/p>\n<p>N\u00e9e en 1946, \u00e0 Aix-les-Bains, au bord du Lac du Bourget, le plus grand lac naturel de France. Vit \u00e0 Paris 11e arrondissement.<br \/>\nLicenci\u00e9e en Lettres Modernes, Universit\u00e9 de Grenoble (1968), aimant Proust, Rousseau (ma\u00eetrise inachev\u00e9e sur le th\u00e8me du Sentiment de l\u2019existence chez Rousseau), et Mallarm\u00e9. Charg\u00e9e de cours dans le d\u00e9partement d&rsquo;arts plastiques\u00a0 du Centre universitaire exp\u00e9rimental de Vincennes \u00e0 partir de 1974, je fais une ma\u00eetrise d\u2019Arts plastiques, intitul\u00e9e <em>Quand le temps presse, \u2014 La gravure sur bois et son r\u00f4le progressiste dans la premi\u00e8re moiti\u00e9 du 20e si\u00e8cle<\/em> (1978). A Paris 8-Saint-Denis, en 1987, \u00a0je soutiens ma th\u00e8se de doctorat de 3e cycle en arts plastiques <em>Le mouvement de la gravure sur bois moderne en Chine, 1931-1981. <\/em>C&rsquo;est l&rsquo;aboutissement\u00a0d\u2019une recherche men\u00e9e \u00e0 P\u00e9kin, \u00a0qui permet de remettre au jour un corpus d&rsquo;\u0153uvres in\u00e9dit, avec leurs auteurs-m\u00eames, acteurs de ce mouvement activiste d&rsquo;artistes-graveurs n\u00e9 dans les ann\u00e9es 30 et qui, apr\u00e8s 1949, deviendront les fondateurs puis les professeurs de la section de gravure de l\u2019\u00c9cole des beaux arts de P\u00e9kin dans laquelle je suis accueillie en 1980 et o\u00f9 se tiennent les entretiens avec eux, ainsi que dans leurs domiciles p\u00e9kinois. Je deviens ma\u00eetre de conf\u00e9rences en arts plastiques en 1988. Enseignante-chercheur au sein du d\u00e9partement Arts plastiques de l\u2019Universit\u00e9 Paris 8, de 1974 \u00e0 2011, je me suis contin\u00fbment consacr\u00e9e \u00e0 la question du rapport texte-image, port\u00e9 par la gravure typographique, la photocopie, le livre d\u2019artiste, le fax, puis le web en relation intime avec une forme de land art urbain issu des technologies GPS. Je tente alors une forme possible de syncr\u00e9tisme de ces champs d&rsquo;int\u00e9r\u00eat apparemment dissemblables, dans une pratique fid\u00e8le et prolong\u00e9e de directrice de r\u00e9daction de blogs collectifs, \u00e9ditant des comptes-rendus vid\u00e9o et textes de conf\u00e9rences d&rsquo;artistes contemporains invit\u00e9s \u00e0 Paris 8 (cycle Moments d&rsquo;art contemporain), puis plus sp\u00e9cifiquement nouveaux m\u00e9dias, (cycle l&rsquo;Observatoire des nouveaux m\u00e9dias), et en parall\u00e8le d&rsquo;un blog de type revue d&rsquo;art <em>La Figure dans le paysage-Paris 8,<\/em> avec les \u00e9tudiants.\u00a0<em>La Figure dans le paysage<\/em>, blog devenu personnel, existe \u00e0 partir de mars 2013.<\/p>\n<p><strong>Parcours professionnel<\/strong><br \/>\n1970-1973&nbsp;: Professeur de lettres de l&rsquo;enseignement secondaire<br \/>\n1973-1987&nbsp;: Charg\u00e9e de cours puis assistante en arts plastiques \u00e0 l\u2019Universit\u00e9 Paris 8, Centre exp\u00e9rimental de Vincennes et Saint-Denis.<br \/>\n1988-2011&nbsp;: Ma\u00eetre de conf\u00e9rences en arts plastiques \u00e0 l\u2019Universit\u00e9 Paris 8<br \/>\n1994&nbsp;: Fondation et responsable p\u00e9dagogique \u00e0 partir de cette date de l\u2019axe et des ateliers \u00ab Nouveaux m\u00e9dias \u00bb du d\u00e9partement Arts plastiques<br \/>\n1995-1998&nbsp;: Directrice du d\u00e9partement Arts plastiques de l&rsquo;Universit\u00e9 Paris 8 et repr\u00e9sentante de ce d\u00e9partement \u00e0 l\u2019UFR Arts<br \/>\n1998&nbsp;: Fondation et responsable \u00e9ditoriale avec Jean-No\u00ebl Lafargue, \u00e0 partir de cette date, du site Internet du d\u00e9partement Arts plastiques&nbsp;: http:\/\/www.arpla.univ-paris8.fr\/<br \/>\n2000-2011&nbsp;: Participation au Master de recherche \u00ab Th\u00e9orie et pratique de l\u2019art contemporain et des nouveaux m\u00e9dias \u00bb en tant que responsable de l\u2019axe \u00ab Nouveaux m\u00e9dias \u00bb<br \/>\n2011 &#8211;&nbsp;: ma\u00eetre de conf\u00e9rences en arts plastiques \u00e0 l\u2019Universit\u00e9 Paris 8 honoraire<br \/>\n2012 &#8211;&nbsp;: membre de l&rsquo;Association internationale des critiques d&rsquo;art (Aica)<\/p>\n<p><strong>Domaines et th\u00e8mes d&rsquo;enseignement et de recherche<br \/>\n<\/strong>art contemporain et nouveaux m\u00e9dias; nouveaux m\u00e9dias et investigation artistique des espaces urbains; implications artistiques des \u00ab m\u00e9dias localis\u00e9s \u00bb; nouvelles formes du livre, interactivit\u00e9, internet et supports mobiles.<span class=\"Apple-converted-space\">\u00a0<\/span><\/p>\n<p>Relations langage-image dans l\u2019art contemporain<br \/>\nGravure, gravure sur bois internationale au XXe si\u00e8cle, gravure chinoise, linogravure<br \/>\nCopy art, livre d&rsquo;artiste, cr\u00e9ation artistique sur Internet<br \/>\nImplications artistiques des \u00ab m\u00e9dias localis\u00e9s \u00bb, th\u00e9orie et pratique des nouvelles formes de land art urbain et d&rsquo;art de la promenade,<br \/>\nTh\u00e9orie et pratique de l\u2019\u00e9dition on-line ayant trait \u00e0 l\u2019art contemporain&nbsp;: catalogue artistique, critique d&rsquo;art, exp\u00e9rience d&rsquo;anthropologie visuelle mus\u00e9ale<br \/>\nNouvelles formes du livre, interactivit\u00e9, internet et supports mobiles<\/p>\n<p><strong>Textes, travaux artistiques, direction et contributions \u00e9ditoriales, commissariat<\/strong><br \/>\n1981&nbsp;: <em>Cinquante ans de gravures sur bois chinoises, 1930-1980<\/em>, catalogue, Maison de la culture, Grenoble et Biblioth\u00e8que Nationale, commissaire scientifique, direction de la r\u00e9daction du catalogue, textes pour cet ouvrage<br \/>\n1981&nbsp;: <em>Estampes du Nouvel-An, Arts traditionnels de la f\u00eate chinoise<\/em>, r\u00e9daction du catalogue de l\u2019exposition \u00e0 la Biblioth\u00e8que Forney, Paris<br \/>\n1983-1984&nbsp;: <em>Electra<\/em> (l\u2019\u00e9lectricit\u00e9 et l\u2019\u00e9lectronique dans l\u2019art au XXe si\u00e8cle), Mus\u00e9e d\u2019art moderne de la Ville de Paris (commissariat de Frank Popper et Marie Odile Briot), commissariat \u00a0 de la section \u00abElectragraphie\u00bb<br \/>\n1985&nbsp;: <em>Les Immat\u00e9riaux<\/em>, Centre Pompidou (Commissariat de Jean-Fran\u00e7ois Lyotard et Thierry Chaput), conception du site \u00ab Toutes les copies \u00bb (copy-art)<br \/>\n1985-1986&nbsp;: <em>P\u00e9kin, pour m\u00e9moire<\/em>, Festival d&rsquo;Automne \u00e0 Paris, Th\u00e9\u00e2tre de Chaillot, conception et textes d&rsquo;une installation d&rsquo;estampages et de copy-art<br \/>\n1990&nbsp;: <em>Transports<\/em>, installation-performance avec messagerie d\u2019images num\u00e9riques par modems, biennale Artifices 1, Saint-Denis<br \/>\n1990-1991&nbsp;: <em>Metaphora I<\/em>, <em>Metaphora II<\/em>, conception d\u2019un r\u00e9seau d\u2019images et de textes sous programme interactif, projet inter-universitaire, Paris 1\/Paris 8\/Cit\u00e9 des sciences<br \/>\n1991-1992&nbsp;: conception et r\u00e9daction du catalogue de \u00ab L\u2019atelier des r\u00e9seaux \u00bb, dans l\u2019exposition <em>Machines \u00e0 communique<\/em>r, Cit\u00e9 des sciences et de l\u2019industrie, Paris<br \/>\n1993&nbsp;: <em>Flora petrinsularis<\/em>, installation vid\u00e9o-interactive, ZKM\/Karlsruhe; version pour CD-ROM dans Artintact 1, ZKM\/Cantz, 1994, co-auteur du sc\u00e9nario avec Jean-Louis Boissier<br \/>\n1995&nbsp;: <em>3e Biennale de Lyon, Cin\u00e9ma, vid\u00e9o, informatique<\/em>, CD-Rom, R\u00e9union des mus\u00e9es nationaux, direction de la r\u00e9daction (entretiens avec les 64 artistes, choix de textes critiques, notices sur les \u0153uvres et sur les artistes)<br \/>\n1996&nbsp;: <em>Labart<\/em>, cr\u00e9ation et direction \u00e9ditoriale du site Internet du programme de recherche Ciren, Universit\u00e9 Paris 8\/Minist\u00e8re de la culture<br \/>\n1990-1996&nbsp;: Artifices, Saint-Denis, 1990; Artifices 2, Saint-Denis, 1992; Artifices 3, Saint-Denis, 1994; Artifices 4, Saint-Denis, 1996, biennale des arts interactifs, participation au commissariat, direction de la r\u00e9daction des catalogues et sites Web, contributions pour ces publications<br \/>\n1996&nbsp;: \u00ab L\u2019art de la conversation sur le Net \u00bb, organisation d\u2019un cycle de conf\u00e9rences et de tables rondes et publication pour la biennale Artifices 4, Saint-Denis<br \/>\n1996&nbsp;: <em>Le Jardin des modems<\/em>, installation artistique en ligne avec web-cams, pour <em>Artifices 4<\/em> et le site Labart<br \/>\n1997-2000&nbsp;: <a href=\"http:\/\/circonstances.net\/moments\/\"><em>Moments de Jean-Jacques Rousseau<\/em><\/a>, CD-ROM, produit par Centre pour l\u2019image contemporaine Saint-Gervais, Gen\u00e8ve, \u00c9ditions Gallimard, 2000, coauteur du sc\u00e9nario avec Jean-Louis Boissier, r\u00e9dactrice de la Chronologie et des notices<br \/>\n1998&nbsp;: <em>L&rsquo;Image n&rsquo;est pas seule,<\/em> texte d&rsquo;introduction \u00e0 l&rsquo;exposition inaugurale de la Biblioth\u00e8que universitaire de Saint-Denis, r\u00e9daction du catalogue et du site web<br \/>\n1998-2011&nbsp;: Arpla, fondation et direction d\u2019un site exp\u00e9rimental, publication de textes ayant trait aux nouveaux m\u00e9dias, de s\u00e9minaires, d&rsquo;articles sur l\u2019actualit\u00e9 artistique<br \/>\n2000&nbsp;: <em>Le R\u00e9cit interactif<\/em>, coordination d\u2019un colloque international et communication \u00e0 ce colloque, Universit\u00e9 Paris 8, \u00c9cole nationale sup\u00e9rieure des arts d\u00e9coratifs, Isea Paris 2000<br \/>\n2001&nbsp;: \u00ab Le Mod\u00e8le \u00dcbersicht \u00bb, article pour le num\u00e9ro \u00ab Nouveaux paysages, nouveaux r\u00e9seaux \u00bb de la Revue d\u2019esth\u00e9tique, sous la direction d\u2019Anne Cauquelin<br \/>\n2003&nbsp;: \u00ab Soft Pad et autres \u0153uvres \u00bb, sur les dispositifs d\u2019exposition et de consultation d\u2019\u0153uvres vid\u00e9o et num\u00e9riques dans quelques expositions r\u00e9centes<br \/>\n2004-2011&nbsp;: directrice de la r\u00e9daction de l\u2019\u00ab Observatoire des nouveaux m\u00e9dias \u00bb, Universit\u00e9 Paris 8\/Universit\u00e9 Paris 1\/Ensad<br \/>\n2004&nbsp;: <em>Jouable, Art, jeu et interactivit\u00e9, Gen\u00e8ve-Kyoto-Paris<\/em>, coordination de la r\u00e9daction du catalogue et de la publication du colloque, \u00e9dition HEAD et CIC de Gen\u00e8ve, Ciren\/Paris 8, Ensad, Paris, 2004 (372 pages)<br \/>\n2004&nbsp;: <em>Tactiques urbaines<\/em>, organisation d\u2019un atelier de discussion sur les enseignements artistiques et les pratiques urbaines, conf\u00e9rence sur le futur des mus\u00e9es, Ecobox, Zac Pajol, Paris<br \/>\n2004-2005&nbsp;: <em>GPS-Movies N\u00b01 et N\u00b02<\/em>, conception et publication en ligne de workshops exp\u00e9rimentaux sur l\u2019investigation d\u2019un territoire, La Plaine Saint-Denis, avec le centre d\u2019art Main-d\u2019oeuvre \u00e0 Saint-Ouen et Les Laboratoires d\u2019Aubervilliers<br \/>\n2005&nbsp;: \u00ab Toutes les copies \u00bb, communication au symposium tenu \u00e0 l\u2019occasion des 20 ans de l\u2019exposition <em>Les Immat\u00e9riaux<\/em> de Jean-Fran\u00e7ois Lyotard au Centre Pompidou, Paris 8\/Ensad, Paris<br \/>\n2005&nbsp;: \u00ab Qui regarde quoi ensemble, Internet ou la d\u00e9ph\u00e9nom\u00e9nalisation du sensible \u00bb, communications aux deux sessions du colloque Les pratiques et les politiques des r\u00e9seaux, \u00c9cole nationale sup\u00e9rieure des beaux-arts, Paris<br \/>\n2005-2007&nbsp;: contributions et \u00e9dition en ligne pour Paysages technologiques, rapport de recherche pour la DAPA\/Minist\u00e8re de la Culture, http:\/\/www.ciren.org\/ciren\/ laboratoires\/Paysage_Technologique\/index.html<br \/>\n2006-2011&nbsp;: directrice de la r\u00e9daction du blog La Figure dans le paysage, nombreuses contributions \u00e0 cette publication, articles documentaires et critiques sur l\u2019actualit\u00e9 de la cr\u00e9ation contemporaine et des nouveaux m\u00e9dias (Mus\u00e9e d\u2019art moderne de Paris, Centre Pompidou, Palais de Tokyo, diverses galeries, Isea Japon, Whitney Museum, Biennale de Venise, Documenta, Manifesta, Mamco et CIC de Gen\u00e8ve, Transmediale \u00e0 Berlin, etc.),<br \/>\n2006&nbsp;: \u00ab The Figure in the Lanscape. Du Land Art au GPS \u00bb, communication au s\u00e9minaire Nouveaux m\u00e9dias en art \u00e0 l&rsquo;Acad\u00e9mie des Beaux-Arts de Xian, Chine<br \/>\n2006&nbsp;: \u00ab Mobile Studio, une exp\u00e9rience d\u2019anthropologie mus\u00e9ale \u00bb, communication au symposium World Curating, \u00c9cole nationale sup\u00e9rieure des beaux-arts, Paris<br \/>\n2006-2007&nbsp;: John M. Armleder\/Amor Vacui, Horror Vacui, r\u00e9alisation d&rsquo;une vid\u00e9o et description exhaustive de l\u2019exposition du Mus\u00e9e d\u2019art moderne et contemporain de Gen\u00e8ve<br \/>\n2008&nbsp;: colloque \u00ab Mobilisable \u00bb, Universit\u00e9 Paris 8, et Ensad, membre du comit\u00e9 scientifique, direction de la publication en ligne, http:\/\/www.mobilisable.net\/<br \/>\n2008\/2009&nbsp;: journ\u00e9e d&rsquo;\u00e9tude \u00ab d\u00e9placement et m\u00e9moire \u00bb, Universit\u00e9 Paris 8, coordination de la publication<br \/>\nmars 2013-&nbsp;: re-cr\u00e9ation du blog <em>La Figure dans le paysage<br \/>\n<\/em>2013&nbsp;: conception et r\u00e9alisation du catalogue en ligne de l&rsquo;exposition Leurs lumi\u00e8res<br \/>\n2015&nbsp;: conception et r\u00e9alisation avec Jean-Louis Boissier du site <a href=\"http:\/\/www.rvdv.net\/vincennes\/\">Vincennes&rsquo; 70s<\/a><\/p>\n<p>&nbsp;<\/p>\n<p>&nbsp;<\/p>\n","protected":false},"excerpt":{"rendered":"<p>\u00a0 Liliane Terrier,\u00a0bio-bibliographie \u00c9t\u00e9 2002, \u00e0 Urbino N\u00e9e en 1946, \u00e0 Aix-les-Bains, au bord du Lac du Bourget, le plus grand lac naturel de France. Vit \u00e0 Paris 11e arrondissement. Licenci\u00e9e en Lettres Modernes, Universit\u00e9 de Grenoble (1968), aimant Proust, Rousseau (ma\u00eetrise inachev\u00e9e sur le th\u00e8me du Sentiment de l\u2019existence chez Rousseau), et Mallarm\u00e9. Charg\u00e9e &hellip; <a href=\"http:\/\/lantb.net\/figure\/?page_id=1283\" class=\"more-link\">Continuer la lecture de <span class=\"screen-reader-text\">Contact<\/span><\/a><\/p>\n","protected":false},"author":2,"featured_media":0,"parent":0,"menu_order":1,"comment_status":"closed","ping_status":"closed","template":"","meta":{"footnotes":""},"class_list":["post-1283","page","type-page","status-publish","hentry"],"_links":{"self":[{"href":"http:\/\/lantb.net\/figure\/index.php?rest_route=\/wp\/v2\/pages\/1283","targetHints":{"allow":["GET"]}}],"collection":[{"href":"http:\/\/lantb.net\/figure\/index.php?rest_route=\/wp\/v2\/pages"}],"about":[{"href":"http:\/\/lantb.net\/figure\/index.php?rest_route=\/wp\/v2\/types\/page"}],"author":[{"embeddable":true,"href":"http:\/\/lantb.net\/figure\/index.php?rest_route=\/wp\/v2\/users\/2"}],"replies":[{"embeddable":true,"href":"http:\/\/lantb.net\/figure\/index.php?rest_route=%2Fwp%2Fv2%2Fcomments&post=1283"}],"version-history":[{"count":83,"href":"http:\/\/lantb.net\/figure\/index.php?rest_route=\/wp\/v2\/pages\/1283\/revisions"}],"predecessor-version":[{"id":7985,"href":"http:\/\/lantb.net\/figure\/index.php?rest_route=\/wp\/v2\/pages\/1283\/revisions\/7985"}],"wp:attachment":[{"href":"http:\/\/lantb.net\/figure\/index.php?rest_route=%2Fwp%2Fv2%2Fmedia&parent=1283"}],"curies":[{"name":"wp","href":"https:\/\/api.w.org\/{rel}","templated":true}]}}